{"id":11,"date":"2015-02-21T22:20:57","date_gmt":"2015-02-21T22:20:57","guid":{"rendered":"http:\/\/www.estelekter.ee\/?page_id=11"},"modified":"2015-02-21T22:20:57","modified_gmt":"2015-02-21T22:20:57","slug":"info","status":"publish","type":"page","link":"https:\/\/www.estelekter.ee\/?page_id=11","title":{"rendered":"Info"},"content":{"rendered":"<p>Vajalik materjal lugemiseks:<\/p>\n<p><a href=\"https:\/\/www.estelekter.ee\/el_paig_liigitus.htm\">Elektripaigaldiste liigitus<\/a><\/p>\n<p><a href=\"https:\/\/www.riigiteataja.ee\/ert\/act.jsp?id=240010\">Tehnilise kontrolli kord, sagedus ja mahud s\u0151ltuvalt elektripaigaldise tehnilistest andmetest<\/a><\/p>\n<p><a href=\"https:\/\/www.estelekter.ee\/puudused.htm\">Olulised puudused, mille esinemisel ei v\u00e4ljastata elektripaigaldise ja selle k\u00e4idu n\u0151uetekohasuse tunnistust<\/a><\/p>\n<p><a href=\"https:\/\/www.estelekter.ee\/kait.htm\">K\u00e4idutoimingud &#8211; Hooldusgraafik &#8211; Tehnilise kontrolli toimingud<\/a><\/p>\n<p><a href=\"https:\/\/www.estelekter.ee\/tahistused.htm\">Elektriseadmete t\u00e4hised ja liigid<\/a><\/p>\n","protected":false},"excerpt":{"rendered":"<p>Vajalik materjal lugemiseks: Elektripaigaldiste liigitus Tehnilise kontrolli kord, sagedus ja mahud s\u0151ltuvalt elektripaigaldise tehnilistest andmetest Olulised puudused, mille esinemisel ei v\u00e4ljastata elektripaigaldise ja selle k\u00e4idu n\u0151uetekohasuse tunnistust K\u00e4idutoimingud &#8211; Hooldusgraafik &#8211; Tehnilise kontrolli toimingud Elektriseadmete t\u00e4hised ja liigid<\/p>\n","protected":false},"author":2,"featured_media":0,"parent":0,"menu_order":0,"comment_status":"closed","ping_status":"closed","template":"","meta":{"footnotes":""},"class_list":["post-11","page","type-page","status-publish"],"_links":{"self":[{"href":"https:\/\/www.estelekter.ee\/index.php?rest_route=\/wp\/v2\/pages\/11","targetHints":{"allow":["GET"]}}],"collection":[{"href":"https:\/\/www.estelekter.ee\/index.php?rest_route=\/wp\/v2\/pages"}],"about":[{"href":"https:\/\/www.estelekter.ee\/index.php?rest_route=\/wp\/v2\/types\/page"}],"author":[{"embeddable":true,"href":"https:\/\/www.estelekter.ee\/index.php?rest_route=\/wp\/v2\/users\/2"}],"replies":[{"embeddable":true,"href":"https:\/\/www.estelekter.ee\/index.php?rest_route=%2Fwp%2Fv2%2Fcomments&post=11"}],"version-history":[{"count":2,"href":"https:\/\/www.estelekter.ee\/index.php?rest_route=\/wp\/v2\/pages\/11\/revisions"}],"predecessor-version":[{"id":35,"href":"https:\/\/www.estelekter.ee\/index.php?rest_route=\/wp\/v2\/pages\/11\/revisions\/35"}],"wp:attachment":[{"href":"https:\/\/www.estelekter.ee\/index.php?rest_route=%2Fwp%2Fv2%2Fmedia&parent=11"}],"curies":[{"name":"wp","href":"https:\/\/api.w.org\/{rel}","templated":true}]}}