{"id":13,"date":"2015-02-21T22:21:33","date_gmt":"2015-02-21T22:21:33","guid":{"rendered":"http:\/\/www.estelekter.ee\/?page_id=13"},"modified":"2015-02-22T09:47:05","modified_gmt":"2015-02-22T09:47:05","slug":"kontakt","status":"publish","type":"page","link":"https:\/\/www.estelekter.ee\/?page_id=13","title":{"rendered":"Kontakt"},"content":{"rendered":"<p><strong>O\u00dc Estelekter<\/strong><\/p>\n<p>Tegevjuht: Jaroslav T\u00f5mt\u0161i\u0161in<\/p>\n<p>Telefon<strong>\u00a06 107 628<\/strong><br \/>\nFaks\u00a0<strong>6 107 006<\/strong><\/p>\n<p>E-mail: info@estelekter.ee<\/p>\n<p>&nbsp;<\/p>\n<p>Kontor on avatud \u00e4rip\u00e4eviti kella 8.00 &#8211; 17.00.<br \/>\n<strong><br \/>\nAadress:<\/strong><\/p>\n<p>Saha tee 16, Loo<br \/>\n74201 Harjumaa<\/p>\n<div class=\"g1-gmap-wrapper\">\n<div id=\"g1-gmap-counter-1\" class=\"g1-gmap\" data-g1-gmap-config=\"{ map_type: 'medium',invert_lightness: '0',latitude: '59.4324617',longitude: '24.950459300000034',zoom: '15',marker: 'standard',marker_icon: '',type: 'rich' }\" style=\"width: 100%; height: 500px;\">\n<div class=\"g1-gmap-content\" style=\"display: none;\">\n<p>O\u00dc Estelekter<br \/>\nSaha tee 16, Loo, Harjumaa<br \/>\n74201<\/p>\n<\/div><\/div><\/div>\n\n","protected":false},"excerpt":{"rendered":"<p>O\u00dc Estelekter Tegevjuht: Jaroslav T\u00f5mt\u0161i\u0161in Telefon\u00a06 107 628 Faks\u00a06 107 006 E-mail: info@estelekter.ee &nbsp; Kontor on avatud \u00e4rip\u00e4eviti kella 8.00 &#8211; 17.00. Aadress: Saha tee 16, Loo 74201 Harjumaa<\/p>\n","protected":false},"author":2,"featured_media":0,"parent":0,"menu_order":0,"comment_status":"closed","ping_status":"closed","template":"","meta":{"footnotes":""},"class_list":["post-13","page","type-page","status-publish"],"_links":{"self":[{"href":"https:\/\/www.estelekter.ee\/index.php?rest_route=\/wp\/v2\/pages\/13","targetHints":{"allow":["GET"]}}],"collection":[{"href":"https:\/\/www.estelekter.ee\/index.php?rest_route=\/wp\/v2\/pages"}],"about":[{"href":"https:\/\/www.estelekter.ee\/index.php?rest_route=\/wp\/v2\/types\/page"}],"author":[{"embeddable":true,"href":"https:\/\/www.estelekter.ee\/index.php?rest_route=\/wp\/v2\/users\/2"}],"replies":[{"embeddable":true,"href":"https:\/\/www.estelekter.ee\/index.php?rest_route=%2Fwp%2Fv2%2Fcomments&post=13"}],"version-history":[{"count":11,"href":"https:\/\/www.estelekter.ee\/index.php?rest_route=\/wp\/v2\/pages\/13\/revisions"}],"predecessor-version":[{"id":42,"href":"https:\/\/www.estelekter.ee\/index.php?rest_route=\/wp\/v2\/pages\/13\/revisions\/42"}],"wp:attachment":[{"href":"https:\/\/www.estelekter.ee\/index.php?rest_route=%2Fwp%2Fv2%2Fmedia&parent=13"}],"curies":[{"name":"wp","href":"https:\/\/api.w.org\/{rel}","templated":true}]}}