{"id":7,"date":"2015-02-21T22:19:30","date_gmt":"2015-02-21T22:19:30","guid":{"rendered":"http:\/\/www.estelekter.ee\/?page_id=7"},"modified":"2015-02-22T20:56:13","modified_gmt":"2015-02-22T20:56:13","slug":"kait","status":"publish","type":"page","link":"https:\/\/www.estelekter.ee\/","title":{"rendered":"K\u00e4it"},"content":{"rendered":"<p><strong>Elektrit\u00f6\u00f6d ja teenused:<\/strong>.<br \/>\n&#8211; Elektripaigaldiste k\u00e4it;<br \/>\n&#8211; Elektripaigaldiste teenindamine k\u00e4idulepingu alusel;<br \/>\n&#8211;\u00a0Elektrimootorite remont kuni 20 kW.<br \/>\n<strong>Lisateenusena korraldame:\u00a0<\/strong><br \/>\n&#8211; Elektrikontrollm\u0151\u0151tmised, elektri teim;<br \/>\n&#8211; II liigi elektripaigaldise n\u0151uetekohasuse hindamine ja korraline kontroll.<br \/>\n.<\/p>\n<p>Estelekter O\u00dc on registreeritud\u00a0<em><a href=\"http:\/\/mtr.mkm.ee\/default.aspx?s=otsiettevotjadetailid&amp;id=9099&amp;backURL=%3fs%3dotsiettevotja%26taasta%3d1\">Riikliku erin\u0151uetega tegutsevate ettev\u0151tjate registris<\/a><\/em>, registreeringu numbrer\u00a0<strong>EL10821614-0001<\/strong>, 20.09.2002, millega on lubatud elektrit\u00f6\u00f6de tegemine.<\/p>\n<p>&nbsp;<\/p>\n","protected":false},"excerpt":{"rendered":"<p>Elektrit\u00f6\u00f6d ja teenused:. &#8211; Elektripaigaldiste k\u00e4it; &#8211; Elektripaigaldiste teenindamine k\u00e4idulepingu alusel; &#8211;\u00a0Elektrimootorite remont kuni 20 kW. Lisateenusena korraldame:\u00a0 &#8211; Elektrikontrollm\u0151\u0151tmised, elektri teim; &#8211; II liigi elektripaigaldise n\u0151uetekohasuse hindamine ja korraline kontroll. . Estelekter O\u00dc on registreeritud\u00a0Riikliku erin\u0151uetega tegutsevate ettev\u0151tjate registris, registreeringu numbrer\u00a0EL10821614-0001, 20.09.2002, millega on lubatud elektrit\u00f6\u00f6de tegemine. &nbsp;<\/p>\n","protected":false},"author":2,"featured_media":0,"parent":0,"menu_order":0,"comment_status":"closed","ping_status":"closed","template":"","meta":{"footnotes":""},"class_list":["post-7","page","type-page","status-publish"],"_links":{"self":[{"href":"https:\/\/www.estelekter.ee\/index.php?rest_route=\/wp\/v2\/pages\/7","targetHints":{"allow":["GET"]}}],"collection":[{"href":"https:\/\/www.estelekter.ee\/index.php?rest_route=\/wp\/v2\/pages"}],"about":[{"href":"https:\/\/www.estelekter.ee\/index.php?rest_route=\/wp\/v2\/types\/page"}],"author":[{"embeddable":true,"href":"https:\/\/www.estelekter.ee\/index.php?rest_route=\/wp\/v2\/users\/2"}],"replies":[{"embeddable":true,"href":"https:\/\/www.estelekter.ee\/index.php?rest_route=%2Fwp%2Fv2%2Fcomments&post=7"}],"version-history":[{"count":2,"href":"https:\/\/www.estelekter.ee\/index.php?rest_route=\/wp\/v2\/pages\/7\/revisions"}],"predecessor-version":[{"id":90,"href":"https:\/\/www.estelekter.ee\/index.php?rest_route=\/wp\/v2\/pages\/7\/revisions\/90"}],"wp:attachment":[{"href":"https:\/\/www.estelekter.ee\/index.php?rest_route=%2Fwp%2Fv2%2Fmedia&parent=7"}],"curies":[{"name":"wp","href":"https:\/\/api.w.org\/{rel}","templated":true}]}}