{"id":9,"date":"2015-02-21T22:20:12","date_gmt":"2015-02-21T22:20:12","guid":{"rendered":"http:\/\/www.estelekter.ee\/?page_id=9"},"modified":"2015-02-22T20:22:18","modified_gmt":"2015-02-22T20:22:18","slug":"kliendid","status":"publish","type":"page","link":"https:\/\/www.estelekter.ee\/?page_id=9","title":{"rendered":"Kliendid"},"content":{"rendered":"<p><strong>Estelekter tagab oma klientidele l\u00e4bi elektripaigaldiste k\u00e4idu:<\/strong><\/p>\n<p>&#8211; elektripaigaldise ohutuse;<br \/>\n&#8211; elektripaigaldise t\u00f6\u00f6kindluse;<br \/>\n&#8211; elektripaigaldise seisukorra k\u0151rge taseme alates projekteerimisest kuni kuni hilisema hoolduseni;<br \/>\n&#8211; elektripaigaldise dokumentatsiooni n\u0151uetekohasuse;<br \/>\n&#8211; tiheda ja tulemusrikka koost\u00f6\u00f6 oma klientidega.<\/p>\n<p>Estelekter klientideks on erinevad tootmisettev\u00f5tted, toitlustusasutused, kauplused, korteri\u00fchistud.<\/p>\n<div id=\"g1-divider-1\" class=\"g1-divider g1-divider--none g1-divider--noicon \"><\/div>\n<p>M\u00f5ned Estelekter lepingupartnerid:<\/p>\n<p><a href=\"http:\/\/www.lindstrom.ee\/\" target=\"_blank\">Lindstr\u00f6m<\/a><\/p>\n<p><a href=\"http:\/\/www.greiner-gpi.com\/company\/\" target=\"_blank\">Greiner Packaging Estonia<\/a><\/p>\n<p><a href=\"http:\/\/www.prolexplast.ee\/\" target=\"_blank\">Prolexplast<\/a><\/p>\n<p><a href=\"http:\/\/www.scanegg.fi\/scanegg-eestis-2\/?lang=et\" target=\"_blank\">Muna Foods<\/a><\/p>\n<p><a href=\"http:\/\/www.eestipandipakend.ee\/\" target=\"_blank\">Eesti Pandipakend<\/a><\/p>\n<p><a href=\"http:\/\/nek.ee\/\" target=\"_blank\">N\u00f5mme Erakool<\/a><\/p>\n<p><a href=\"http:\/\/joelahtme.kovtp.ee\/uldinfo\" target=\"_blank\">J\u00f5el\u00e4htme vallavalitsus<\/a><\/p>\n<div id=\"g1-divider-2\" class=\"g1-divider g1-divider--none g1-divider--noicon \"><\/div>\n<div id=\"g1-custom-posts-shortcode-1\" class=\"g1-custom-posts-shortcode g1-shortcode \">\n\n<!-- BEGIN: .g1-collection -->\n<div class=\"g1-collection g1-collection--grid g1-collection--one-fourth g1-collection--simple g1-effect-none\">\n    <ul><!-- --><li class=\"g1-collection__item\">\n        <article itemscope itemtype=\"http:\/\/schema.org\/BlogPosting\" id=\"post-76\" class=\"post-76 g1_work type-g1_work status-publish format-image g1-brief\">\n    <figure class=\"entry-featured-media\"><img loading=\"lazy\" decoding=\"async\" class=\"alignnone wp-image-78 size-full\" src=\"http:\/\/www.estelekter.ee\/wp-content\/uploads\/2015\/02\/6851-1a892cc3f7456f1091b1966fc15cc5d8.jpg\" alt=\"6851-1a892cc3f7456f1091b1966fc15cc5d8\" width=\"300\" height=\"71\" srcset=\"https:\/\/www.estelekter.ee\/wp-content\/uploads\/2015\/02\/6851-1a892cc3f7456f1091b1966fc15cc5d8.jpg 300w, https:\/\/www.estelekter.ee\/wp-content\/uploads\/2015\/02\/6851-1a892cc3f7456f1091b1966fc15cc5d8-239x57.jpg 239w\" sizes=\"auto, (max-width: 300px) 100vw, 300px\" \/><\/figure>\n    <div class=\"g1-nonmedia\">\n        <div class=\"g1-inner\">\n            <header class=\"entry-header\">\n                                            <\/header><!-- .entry-header -->\n\n            \n            <footer class=\"entry-footer\">\n                \n                            <\/footer><!-- .entry-footer -->\n        <\/div>\n        <div class=\"g1-01\"><\/div>\n    <\/div>\n\n<\/article><!-- .post-XX -->    <\/li><!-- --><li class=\"g1-collection__item\">\n        <article itemscope itemtype=\"http:\/\/schema.org\/BlogPosting\" id=\"post-73\" class=\"post-73 g1_work type-g1_work status-publish format-image g1-brief\">\n    <figure class=\"entry-featured-media\"><img loading=\"lazy\" decoding=\"async\" class=\"alignnone size-thumbnail wp-image-74\" src=\"http:\/\/www.estelekter.ee\/wp-content\/uploads\/2015\/02\/VAPIKE-150x118.gif\" alt=\"VAPIKE\" width=\"150\" height=\"118\" \/><\/figure>\n    <div class=\"g1-nonmedia\">\n        <div class=\"g1-inner\">\n            <header class=\"entry-header\">\n                                            <\/header><!-- .entry-header -->\n\n            \n            <footer class=\"entry-footer\">\n                \n                            <\/footer><!-- .entry-footer -->\n        <\/div>\n        <div class=\"g1-01\"><\/div>\n    <\/div>\n\n<\/article><!-- .post-XX -->    <\/li><!-- --><li class=\"g1-collection__item\">\n        <article itemscope itemtype=\"http:\/\/schema.org\/BlogPosting\" id=\"post-70\" class=\"post-70 g1_work type-g1_work status-publish format-image g1-brief\">\n    <figure class=\"entry-featured-media\"><img loading=\"lazy\" decoding=\"async\" class=\"alignnone wp-image-71 size-full\" src=\"http:\/\/www.estelekter.ee\/wp-content\/uploads\/2015\/02\/486283_386630664746375_1088945349_n.jpg\" alt=\"\" width=\"180\" height=\"180\" srcset=\"https:\/\/www.estelekter.ee\/wp-content\/uploads\/2015\/02\/486283_386630664746375_1088945349_n.jpg 180w, https:\/\/www.estelekter.ee\/wp-content\/uploads\/2015\/02\/486283_386630664746375_1088945349_n-150x150.jpg 150w, https:\/\/www.estelekter.ee\/wp-content\/uploads\/2015\/02\/486283_386630664746375_1088945349_n-55x55.jpg 55w\" sizes=\"auto, (max-width: 180px) 100vw, 180px\" \/><\/figure>\n    <div class=\"g1-nonmedia\">\n        <div class=\"g1-inner\">\n            <header class=\"entry-header\">\n                                            <\/header><!-- .entry-header -->\n\n            \n            <footer class=\"entry-footer\">\n                \n                            <\/footer><!-- .entry-footer -->\n        <\/div>\n        <div class=\"g1-01\"><\/div>\n    <\/div>\n\n<\/article><!-- .post-XX -->    <\/li><!-- --><li class=\"g1-collection__item\">\n        <article itemscope itemtype=\"http:\/\/schema.org\/BlogPosting\" id=\"post-67\" class=\"post-67 g1_work type-g1_work status-publish format-image g1-brief\">\n    <figure class=\"entry-featured-media\"><img loading=\"lazy\" decoding=\"async\" class=\"alignnone wp-image-68 size-full\" src=\"http:\/\/www.estelekter.ee\/wp-content\/uploads\/2015\/02\/197328.jpg\" alt=\"197328\" width=\"200\" height=\"55\" \/><\/figure>\n    <div class=\"g1-nonmedia\">\n        <div class=\"g1-inner\">\n            <header class=\"entry-header\">\n                                            <\/header><!-- .entry-header -->\n\n            \n            <footer class=\"entry-footer\">\n                \n                            <\/footer><!-- .entry-footer -->\n        <\/div>\n        <div class=\"g1-01\"><\/div>\n    <\/div>\n\n<\/article><!-- .post-XX -->    <\/li><!-- --><li class=\"g1-collection__item\">\n        <article itemscope itemtype=\"http:\/\/schema.org\/BlogPosting\" id=\"post-62\" class=\"post-62 g1_work type-g1_work status-publish format-image g1-brief\">\n    <figure class=\"entry-featured-media\"><img loading=\"lazy\" decoding=\"async\" class=\"alignnone  wp-image-64\" src=\"http:\/\/www.estelekter.ee\/wp-content\/uploads\/2015\/02\/logo_gpi.jpg\" alt=\"logo_gpi\" width=\"134\" height=\"70\" \/><\/figure>\n    <div class=\"g1-nonmedia\">\n        <div class=\"g1-inner\">\n            <header class=\"entry-header\">\n                                            <\/header><!-- .entry-header -->\n\n            \n            <footer class=\"entry-footer\">\n                \n                            <\/footer><!-- .entry-footer -->\n        <\/div>\n        <div class=\"g1-01\"><\/div>\n    <\/div>\n\n<\/article><!-- .post-XX -->    <\/li><!-- --><li class=\"g1-collection__item\">\n        <article itemscope itemtype=\"http:\/\/schema.org\/BlogPosting\" id=\"post-44\" class=\"post-44 g1_work type-g1_work status-publish format-image g1-brief\">\n    <figure class=\"entry-featured-media\"><img loading=\"lazy\" decoding=\"async\" class=\"alignnone size-full wp-image-45\" src=\"http:\/\/www.estelekter.ee\/wp-content\/uploads\/2015\/02\/220px-Lindstrom_logo_slogan.jpg\" alt=\"220px-Lindstrom_logo_slogan\" width=\"220\" height=\"76\" \/><\/figure>\n    <div class=\"g1-nonmedia\">\n        <div class=\"g1-inner\">\n            <header class=\"entry-header\">\n                                            <\/header><!-- .entry-header -->\n\n            \n            <footer class=\"entry-footer\">\n                \n                            <\/footer><!-- .entry-footer -->\n        <\/div>\n        <div class=\"g1-01\"><\/div>\n    <\/div>\n\n<\/article><!-- .post-XX -->    <\/li><!-- --><\/ul>\n<\/div>\n<!-- END: .g1-collection -->\n\n<\/div>\n","protected":false},"excerpt":{"rendered":"<p>Estelekter tagab oma klientidele l\u00e4bi elektripaigaldiste k\u00e4idu: &#8211; elektripaigaldise ohutuse; &#8211; elektripaigaldise t\u00f6\u00f6kindluse; &#8211; elektripaigaldise seisukorra k\u0151rge taseme alates projekteerimisest kuni kuni hilisema hoolduseni; &#8211; elektripaigaldise dokumentatsiooni n\u0151uetekohasuse; &#8211; tiheda ja tulemusrikka koost\u00f6\u00f6 oma klientidega. Estelekter klientideks on erinevad tootmisettev\u00f5tted, toitlustusasutused, kauplused, korteri\u00fchistud. M\u00f5ned Estelekter lepingupartnerid: Lindstr\u00f6m Greiner Packaging Estonia Prolexplast Muna Foods Eesti Pandipakend [&hellip;]<\/p>\n","protected":false},"author":2,"featured_media":0,"parent":0,"menu_order":0,"comment_status":"closed","ping_status":"closed","template":"","meta":{"footnotes":""},"class_list":{"0":"post-9","1":"page","2":"type-page","3":"status-publish","5":"g1-brief"},"_links":{"self":[{"href":"https:\/\/www.estelekter.ee\/index.php?rest_route=\/wp\/v2\/pages\/9","targetHints":{"allow":["GET"]}}],"collection":[{"href":"https:\/\/www.estelekter.ee\/index.php?rest_route=\/wp\/v2\/pages"}],"about":[{"href":"https:\/\/www.estelekter.ee\/index.php?rest_route=\/wp\/v2\/types\/page"}],"author":[{"embeddable":true,"href":"https:\/\/www.estelekter.ee\/index.php?rest_route=\/wp\/v2\/users\/2"}],"replies":[{"embeddable":true,"href":"https:\/\/www.estelekter.ee\/index.php?rest_route=%2Fwp%2Fv2%2Fcomments&post=9"}],"version-history":[{"count":19,"href":"https:\/\/www.estelekter.ee\/index.php?rest_route=\/wp\/v2\/pages\/9\/revisions"}],"predecessor-version":[{"id":87,"href":"https:\/\/www.estelekter.ee\/index.php?rest_route=\/wp\/v2\/pages\/9\/revisions\/87"}],"wp:attachment":[{"href":"https:\/\/www.estelekter.ee\/index.php?rest_route=%2Fwp%2Fv2%2Fmedia&parent=9"}],"curies":[{"name":"wp","href":"https:\/\/api.w.org\/{rel}","templated":true}]}}